{"id":1362,"date":"2017-08-01T12:07:51","date_gmt":"2017-08-01T12:07:51","guid":{"rendered":"https:\/\/www.electricosec.cl\/index.php\/about-us\/"},"modified":"2025-11-22T14:00:45","modified_gmt":"2025-11-22T17:00:45","slug":"quienes-somos","status":"publish","type":"page","link":"https:\/\/www.electricosec.cl\/index.php\/quienes-somos\/","title":{"rendered":"Nosotros"},"content":{"rendered":"\t\t<div data-elementor-type=\"wp-post\" data-elementor-id=\"1362\" class=\"elementor elementor-1362\" data-elementor-post-type=\"page\">\n\t\t\t\t\t\t<section class=\"elementor-section elementor-top-section elementor-element elementor-element-ytngt0t elementor-section-boxed elementor-section-height-default elementor-section-height-default\" data-id=\"ytngt0t\" data-element_type=\"section\" data-settings=\"{&quot;background_background&quot;:&quot;classic&quot;}\">\n\t\t\t\t\t\t\t<div class=\"elementor-background-overlay\"><\/div>\n\t\t\t\t\t\t\t<div class=\"elementor-container elementor-column-gap-default\">\n\t\t\t\t\t<div class=\"elementor-column elementor-col-100 elementor-top-column elementor-element elementor-element-jotv04n\" data-id=\"jotv04n\" data-element_type=\"column\">\n\t\t\t<div class=\"elementor-widget-wrap elementor-element-populated\">\n\t\t\t\t\t\t<div class=\"elementor-element elementor-element-vbeopux elementor-widget elementor-widget-heading\" data-id=\"vbeopux\" data-element_type=\"widget\" data-widget_type=\"heading.default\">\n\t\t\t\t<div class=\"elementor-widget-container\">\n\t\t\t\t\t<h1 class=\"elementor-heading-title elementor-size-default\">Sobre Nosotros<\/h1>\t\t\t\t<\/div>\n\t\t\t\t<\/div>\n\t\t\t\t\t<\/div>\n\t\t<\/div>\n\t\t\t\t\t<\/div>\n\t\t<\/section>\n\t\t\t\t<section class=\"elementor-section elementor-top-section elementor-element elementor-element-9o5glwr elementor-section-boxed elementor-section-height-default elementor-section-height-default\" data-id=\"9o5glwr\" data-element_type=\"section\" data-settings=\"{&quot;background_background&quot;:&quot;classic&quot;}\">\n\t\t\t\t\t\t<div class=\"elementor-container elementor-column-gap-default\">\n\t\t\t\t\t<div class=\"elementor-column elementor-col-100 elementor-top-column elementor-element elementor-element-v8uf8tm\" data-id=\"v8uf8tm\" data-element_type=\"column\">\n\t\t\t<div class=\"elementor-widget-wrap elementor-element-populated\">\n\t\t\t\t\t\t<div class=\"elementor-element elementor-element-3a19e94 elementor-widget elementor-widget-image\" data-id=\"3a19e94\" data-element_type=\"widget\" data-widget_type=\"image.default\">\n\t\t\t\t<div class=\"elementor-widget-container\">\n\t\t\t\t\t\t\t\t\t\t\t\t\t\t\t<img fetchpriority=\"high\" decoding=\"async\" width=\"300\" height=\"298\" src=\"https:\/\/www.electricosec.cl\/wp-content\/uploads\/2025\/11\/1yo-300x298.jpg\" class=\"attachment-medium size-medium wp-image-2494\" alt=\"\" srcset=\"https:\/\/www.electricosec.cl\/wp-content\/uploads\/2025\/11\/1yo-300x298.jpg 300w, https:\/\/www.electricosec.cl\/wp-content\/uploads\/2025\/11\/1yo-1024x1018.jpg 1024w, https:\/\/www.electricosec.cl\/wp-content\/uploads\/2025\/11\/1yo-150x150.jpg 150w, https:\/\/www.electricosec.cl\/wp-content\/uploads\/2025\/11\/1yo-768x764.jpg 768w, https:\/\/www.electricosec.cl\/wp-content\/uploads\/2025\/11\/1yo.jpg 1080w\" sizes=\"(max-width: 300px) 100vw, 300px\" \/>\t\t\t\t\t\t\t\t\t\t\t\t\t\t\t<\/div>\n\t\t\t\t<\/div>\n\t\t\t\t<div class=\"elementor-element elementor-element-3eec0aa elementor-widget elementor-widget-text-editor\" data-id=\"3eec0aa\" data-element_type=\"widget\" data-widget_type=\"text-editor.default\">\n\t\t\t\t<div class=\"elementor-widget-container\">\n\t\t\t\t\t\t\t\t\t<div style=\"font-size: 16px; font-weight: 400; text-align: justify; font-family: Poppins, ui-sans-serif, system-ui, -apple-system, 'Segoe UI', Roboto, Ubuntu, Cantarell, 'Noto Sans', sans-serif, 'Helvetica Neue', Arial; color: #374151; line-height: 1.7;\"><p><strong>Hola, soy Hugo Lara<\/strong>, T\u00e9cnico en Electricidad e Inform\u00e1tica.<br \/>Hace m\u00e1s de <strong>16 a\u00f1os fund\u00e9 ELECTRICOSEC.CL<\/strong>, una empresa dedicada a brindar<br \/><u>servicios integrales en seguridad electr\u00f3nica, electricidad y comunicaciones inal\u00e1mbricas<\/u>.<\/p><p>A lo largo de estos a\u00f1os hemos ejecutado diversos proyectos, acumulando experiencia<br \/>y superando desaf\u00edos.<br \/>Mi visi\u00f3n y dedicaci\u00f3n siempre han tenido un objetivo claro:<br \/>llevar a <strong>ELECTRICOSEC.CL<\/strong> hacia nuevos niveles de crecimiento y \u00e9xito<br \/>en ingenier\u00eda y tecnolog\u00eda.<\/p><h3 style=\"margin-top: 1.5em;\">\u00bfQui\u00e9nes somos?<\/h3><p>En <strong>ELECTRICOSEC.CL<\/strong> buscamos <strong>reinventarnos y consolidarnos<\/strong> como una empresa competitiva y de alta calidad.<br \/>Nuestra misi\u00f3n es ofrecer <u>servicios integrales en ingenier\u00eda, proyectos, mantenimiento, reparaciones y mejoras<\/u> en sistemas el\u00e9ctricos y de seguridad electr\u00f3nica.<\/p><p>Ofrecemos una amplia gama de soluciones, tales como:<\/p><ul style=\"margin-left: 1em;\"><li>Instalaci\u00f3n y mantenimiento de c\u00e1maras de seguridad<\/li><li>Sistemas de detecci\u00f3n de incendios y control de acceso<\/li><li>Armado y reparaci\u00f3n de tableros el\u00e9ctricos<\/li><li>Instalaci\u00f3n de iluminaci\u00f3n LED<\/li><li>Venta e instalaci\u00f3n de UPS<\/li><li>Comercializaci\u00f3n de productos tecnol\u00f3gicos<\/li><\/ul><h3 style=\"margin-top: 1.5em;\">\u00bfQu\u00e9 buscamos?<\/h3><p>Nuestro prop\u00f3sito es ejecutar proyectos de manera independiente y asumir el<br \/>liderazgo t\u00e9cnico a medida que crecemos.<br \/>Nos encargamos de <strong>gestionar nuevas oportunidades<\/strong>, administrar la empresa<br \/>y ofrecer <strong>apoyo t\u00e9cnico especializado<\/strong>.<br \/>Estamos totalmente dispuestos a <u>evaluar todas las opciones, reinventarnos y ajustar lo necesario<\/u> para<br \/>impulsar el crecimiento de <strong>ELECTRICOSEC.CL<\/strong> o incluso dar vida a nuevas iniciativas de negocio.<\/p><h3 style=\"margin-top: 1.5em;\">Recursos disponibles<\/h3><ul style=\"margin-left: 1em;\"><li>PYME establecida con clientes activos y presencia web.<\/li><li>Equipamiento completo: veh\u00edculo de trabajo, escaleras, herramientas e instrumentos.<\/li><li>Capital inicial para financiar proyectos y campa\u00f1as.<\/li><\/ul><h3 style=\"margin-top: 1.5em;\">Nuestra ventaja competitiva<\/h3><p>Nos destacamos por el <strong>dise\u00f1o y ejecuci\u00f3n impecable<\/strong> de proyectos el\u00e9ctricos y tecnol\u00f3gicos, incluyendo:<\/p><ul style=\"margin-left: 1em;\"><li>Canalizaci\u00f3n EMT, TPR, TPF y BPC<\/li><li>Instalaci\u00f3n de escalerillas y bandejas met\u00e1licas<\/li><li>Fusionado de fibra \u00f3ptica<\/li><li>Colocaci\u00f3n de puntos de datos, racks y switches<\/li><\/ul><p><em>Todo esto asegurando siempre una configuraci\u00f3n \u00f3ptima, segura y eficiente.<\/em><\/p><\/div>\t\t\t\t\t\t\t\t<\/div>\n\t\t\t\t<\/div>\n\t\t\t\t<div class=\"elementor-element elementor-element-79c26c0 elementor-widget elementor-widget-image\" data-id=\"79c26c0\" data-element_type=\"widget\" data-widget_type=\"image.default\">\n\t\t\t\t<div class=\"elementor-widget-container\">\n\t\t\t\t\t\t\t\t\t\t\t\t\t\t\t<img decoding=\"async\" width=\"468\" height=\"464\" src=\"https:\/\/www.electricosec.cl\/wp-content\/uploads\/2024\/08\/hugo_emilio.jpg\" class=\"attachment-medium_large size-medium_large wp-image-1645\" alt=\"\" srcset=\"https:\/\/www.electricosec.cl\/wp-content\/uploads\/2024\/08\/hugo_emilio.jpg 468w, https:\/\/www.electricosec.cl\/wp-content\/uploads\/2024\/08\/hugo_emilio-300x297.jpg 300w, https:\/\/www.electricosec.cl\/wp-content\/uploads\/2024\/08\/hugo_emilio-150x150.jpg 150w\" sizes=\"(max-width: 468px) 100vw, 468px\" \/>\t\t\t\t\t\t\t\t\t\t\t\t\t\t\t<\/div>\n\t\t\t\t<\/div>\n\t\t\t\t<div class=\"elementor-element elementor-element-61b9967 elementor-widget__width-initial elementor-widget elementor-widget-text-editor\" data-id=\"61b9967\" data-element_type=\"widget\" data-widget_type=\"text-editor.default\">\n\t\t\t\t<div class=\"elementor-widget-container\">\n\t\t\t\t\t\t\t\t\t<div style=\"background-color: #f7f7f8; color: #374151; font-family: Poppins, ui-sans-serif, system-ui, -apple-system, 'Segoe UI', Roboto, Ubuntu, Cantarell, 'Noto Sans', sans-serif, 'Helvetica Neue', Arial; font-size: 16px; line-height: 1.6; padding: 15px; border: 1px solid #d9d9e3; border-radius: 6px;\"><p style=\"margin-bottom: 1em;\">Contamos con una s\u00f3lida <strong>experiencia en el armado y mantenimiento de Tableros de Alumbrado, Fuerza y Control<\/strong>, incluyendo la gesti\u00f3n de grupos electr\u00f3genos <strong>ATS<\/strong>.<br \/>Tambi\u00e9n dominamos la instalaci\u00f3n y configuraci\u00f3n precisa de equipos de seguridad electr\u00f3nica como <strong>c\u00e1maras, DVR, NVR, routers, switches, alarmas y sensores<\/strong>.<\/p><p style=\"margin-bottom: 1em;\">Nos especializamos en el <strong>dibujo de planos en AutoCAD<\/strong>, la <strong>cubicaci\u00f3n<\/strong>, as\u00ed como en el <strong>dise\u00f1o y planificaci\u00f3n de proyectos<\/strong>, utilizando herramientas avanzadas como la <strong>Carta GANT<\/strong> para garantizar una gesti\u00f3n eficiente y precisa.<\/p><p style=\"margin-bottom: 1em;\">Adem\u00e1s, contamos con amplia experiencia en la <strong>configuraci\u00f3n, mantenimiento y reparaci\u00f3n de computadores<\/strong>, integrando soluciones tecnol\u00f3gicas a medida seg\u00fan las necesidades de cada cliente.<\/p><p style=\"margin-bottom: 0;\">Nuestra trayectoria en <strong>electr\u00f3nica y programaci\u00f3n<\/strong> nos distingue, permiti\u00e9ndonos ofrecer <u>soluciones integrales, innovadoras y de alta calidad<\/u> que marcan la diferencia en cada proyecto.<\/p><\/div>\t\t\t\t\t\t\t\t<\/div>\n\t\t\t\t<\/div>\n\t\t\t\t<div class=\"elementor-element elementor-element-60c366a elementor-widget elementor-widget-image\" data-id=\"60c366a\" data-element_type=\"widget\" data-widget_type=\"image.default\">\n\t\t\t\t<div class=\"elementor-widget-container\">\n\t\t\t\t\t\t\t\t\t\t\t\t\t\t\t<img decoding=\"async\" width=\"768\" height=\"1103\" src=\"https:\/\/www.electricosec.cl\/wp-content\/uploads\/2025\/11\/vision_desde_un_alsa_hombres_realizando_instalacion_electricas-768x1103.jpg\" class=\"attachment-medium_large size-medium_large wp-image-2507\" alt=\"\" srcset=\"https:\/\/www.electricosec.cl\/wp-content\/uploads\/2025\/11\/vision_desde_un_alsa_hombres_realizando_instalacion_electricas-768x1103.jpg 768w, https:\/\/www.electricosec.cl\/wp-content\/uploads\/2025\/11\/vision_desde_un_alsa_hombres_realizando_instalacion_electricas-209x300.jpg 209w, https:\/\/www.electricosec.cl\/wp-content\/uploads\/2025\/11\/vision_desde_un_alsa_hombres_realizando_instalacion_electricas-713x1024.jpg 713w, https:\/\/www.electricosec.cl\/wp-content\/uploads\/2025\/11\/vision_desde_un_alsa_hombres_realizando_instalacion_electricas.jpg 891w\" sizes=\"(max-width: 768px) 100vw, 768px\" \/>\t\t\t\t\t\t\t\t\t\t\t\t\t\t\t<\/div>\n\t\t\t\t<\/div>\n\t\t\t\t\t<\/div>\n\t\t<\/div>\n\t\t\t\t\t<\/div>\n\t\t<\/section>\n\t\t\t\t<section class=\"elementor-section elementor-top-section elementor-element elementor-element-pedibvq elementor-section-content-middle elementor-section-boxed elementor-section-height-default elementor-section-height-default\" data-id=\"pedibvq\" data-element_type=\"section\" data-settings=\"{&quot;background_background&quot;:&quot;classic&quot;,&quot;shape_divider_bottom&quot;:&quot;opacity-fan&quot;}\">\n\t\t\t\t\t\t\t<div class=\"elementor-background-overlay\"><\/div>\n\t\t\t\t\t\t<div class=\"elementor-shape elementor-shape-bottom\" aria-hidden=\"true\" data-negative=\"false\">\n\t\t\t<svg xmlns=\"http:\/\/www.w3.org\/2000\/svg\" viewBox=\"0 0 283.5 19.6\" preserveAspectRatio=\"none\">\n\t<path class=\"elementor-shape-fill\" style=\"opacity:0.33\" d=\"M0 0L0 18.8 141.8 4.1 283.5 18.8 283.5 0z\"\/>\n\t<path class=\"elementor-shape-fill\" style=\"opacity:0.33\" d=\"M0 0L0 12.6 141.8 4 283.5 12.6 283.5 0z\"\/>\n\t<path class=\"elementor-shape-fill\" style=\"opacity:0.33\" d=\"M0 0L0 6.4 141.8 4 283.5 6.4 283.5 0z\"\/>\n\t<path class=\"elementor-shape-fill\" d=\"M0 0L0 1.2 141.8 4 283.5 1.2 283.5 0z\"\/>\n<\/svg>\t\t<\/div>\n\t\t\t\t\t<div class=\"elementor-container elementor-column-gap-default\">\n\t\t\t\t\t<div class=\"elementor-column elementor-col-50 elementor-top-column elementor-element elementor-element-gtbpjlp\" data-id=\"gtbpjlp\" data-element_type=\"column\">\n\t\t\t<div class=\"elementor-widget-wrap elementor-element-populated\">\n\t\t\t\t\t\t<div class=\"elementor-element elementor-element-zdqzzsw elementor-widget elementor-widget-heading\" data-id=\"zdqzzsw\" data-element_type=\"widget\" data-widget_type=\"heading.default\">\n\t\t\t\t<div class=\"elementor-widget-container\">\n\t\t\t\t\t<h2 class=\"elementor-heading-title elementor-size-default\">\u00bfTienes consultas?<\/h2>\t\t\t\t<\/div>\n\t\t\t\t<\/div>\n\t\t\t\t<div class=\"elementor-element elementor-element-fccd967 elementor-widget elementor-widget-text-editor\" data-id=\"fccd967\" data-element_type=\"widget\" data-widget_type=\"text-editor.default\">\n\t\t\t\t<div class=\"elementor-widget-container\">\n\t\t\t\t\t\t\t\t\t<p style=\"font-size: 16px; font-weight: 400; text-align: justify; font-family: Poppins, ui-sans-serif, system-ui, -apple-system, 'Segoe UI', Roboto, Ubuntu, Cantarell, 'Noto Sans', sans-serif, 'Helvetica Neue', Arial; color: ##070707; line-height: 1.7;\">\n<strong>\u00a1El cliente es nuestra prioridad!<\/strong>\nNos complace atenderte en todo momento.\nSi tienes consultas sobre nuestros <u>servicios el\u00e9ctricos<\/u>, estaremos encantados de proporcionarte la informaci\u00f3n que necesites.<\/p>\t\t\t\t\t\t\t\t<\/div>\n\t\t\t\t<\/div>\n\t\t\t\t\t<\/div>\n\t\t<\/div>\n\t\t\t\t<div class=\"elementor-column elementor-col-50 elementor-top-column elementor-element elementor-element-tsnbnqj\" data-id=\"tsnbnqj\" data-element_type=\"column\">\n\t\t\t<div class=\"elementor-widget-wrap elementor-element-populated\">\n\t\t\t\t\t\t<div class=\"elementor-element elementor-element-xxfdplk elementor-align-center elementor-widget elementor-widget-button\" data-id=\"xxfdplk\" data-element_type=\"widget\" data-widget_type=\"button.default\">\n\t\t\t\t<div class=\"elementor-widget-container\">\n\t\t\t\t\t\t\t\t\t<div class=\"elementor-button-wrapper\">\n\t\t\t\t\t<a class=\"elementor-button elementor-button-link elementor-size-md\" href=\"https:\/\/www.electricosec.cl\/index.php\/contacto\/\">\n\t\t\t\t\t\t<span class=\"elementor-button-content-wrapper\">\n\t\t\t\t\t\t<span class=\"elementor-button-icon\">\n\t\t\t\t<i aria-hidden=\"true\" class=\"fas fa-chevron-circle-right\"><\/i>\t\t\t<\/span>\n\t\t\t\t\t\t\t\t\t<span class=\"elementor-button-text\">Contacto<\/span>\n\t\t\t\t\t<\/span>\n\t\t\t\t\t<\/a>\n\t\t\t\t<\/div>\n\t\t\t\t\t\t\t\t<\/div>\n\t\t\t\t<\/div>\n\t\t\t\t\t<\/div>\n\t\t<\/div>\n\t\t\t\t\t<\/div>\n\t\t<\/section>\n\t\t\t\t<section class=\"elementor-section elementor-top-section elementor-element elementor-element-e9fbd76 elementor-section-boxed elementor-section-height-default elementor-section-height-default\" data-id=\"e9fbd76\" data-element_type=\"section\">\n\t\t\t\t\t\t<div class=\"elementor-container elementor-column-gap-default\">\n\t\t\t\t\t<div class=\"elementor-column elementor-col-100 elementor-top-column elementor-element elementor-element-1221ba2\" data-id=\"1221ba2\" data-element_type=\"column\">\n\t\t\t<div class=\"elementor-widget-wrap\">\n\t\t\t\t\t\t\t<\/div>\n\t\t<\/div>\n\t\t\t\t\t<\/div>\n\t\t<\/section>\n\t\t\t\t<\/div>\n\t\t","protected":false},"excerpt":{"rendered":"<p>Sobre Nosotros Hola, soy Hugo Lara, T\u00e9cnico en Electricidad e Inform\u00e1tica.Hace m\u00e1s de 16 a\u00f1os fund\u00e9 ELECTRICOSEC.CL, una empresa dedicada a brindarservicios integrales en seguridad electr\u00f3nica, electricidad y comunicaciones inal\u00e1mbricas. A lo largo de estos a\u00f1os hemos ejecutado diversos proyectos, acumulando experienciay superando desaf\u00edos.Mi visi\u00f3n y dedicaci\u00f3n siempre han tenido un objetivo claro:llevar a ELECTRICOSEC.CL [&hellip;]<\/p>\n","protected":false},"author":1,"featured_media":0,"parent":0,"menu_order":0,"comment_status":"closed","ping_status":"closed","template":"","meta":{"footnotes":""},"class_list":["post-1362","page","type-page","status-publish","hentry"],"aioseo_notices":[],"_links":{"self":[{"href":"https:\/\/www.electricosec.cl\/index.php\/wp-json\/wp\/v2\/pages\/1362","targetHints":{"allow":["GET"]}}],"collection":[{"href":"https:\/\/www.electricosec.cl\/index.php\/wp-json\/wp\/v2\/pages"}],"about":[{"href":"https:\/\/www.electricosec.cl\/index.php\/wp-json\/wp\/v2\/types\/page"}],"author":[{"embeddable":true,"href":"https:\/\/www.electricosec.cl\/index.php\/wp-json\/wp\/v2\/users\/1"}],"replies":[{"embeddable":true,"href":"https:\/\/www.electricosec.cl\/index.php\/wp-json\/wp\/v2\/comments?post=1362"}],"version-history":[{"count":46,"href":"https:\/\/www.electricosec.cl\/index.php\/wp-json\/wp\/v2\/pages\/1362\/revisions"}],"predecessor-version":[{"id":2515,"href":"https:\/\/www.electricosec.cl\/index.php\/wp-json\/wp\/v2\/pages\/1362\/revisions\/2515"}],"wp:attachment":[{"href":"https:\/\/www.electricosec.cl\/index.php\/wp-json\/wp\/v2\/media?parent=1362"}],"curies":[{"name":"wp","href":"https:\/\/api.w.org\/{rel}","templated":true}]}}