{"id":1987,"date":"2025-08-27T03:23:27","date_gmt":"2025-08-27T06:23:27","guid":{"rendered":"https:\/\/www.electricosec.cl\/?page_id=1987"},"modified":"2025-08-29T01:06:49","modified_gmt":"2025-08-29T04:06:49","slug":"instalaciones-electricas","status":"publish","type":"page","link":"https:\/\/www.electricosec.cl\/index.php\/instalaciones-electricas\/","title":{"rendered":"Instalaciones El\u00e9ctricas"},"content":{"rendered":"\t\t<div data-elementor-type=\"wp-page\" data-elementor-id=\"1987\" class=\"elementor elementor-1987\" data-elementor-post-type=\"page\">\n\t\t\t\t\t\t<section class=\"elementor-section elementor-top-section elementor-element elementor-element-0257f8d elementor-section-height-min-height elementor-section-boxed elementor-section-height-default elementor-section-items-middle\" data-id=\"0257f8d\" data-element_type=\"section\" data-settings=\"{&quot;background_background&quot;:&quot;classic&quot;}\">\n\t\t\t\t\t\t\t<div class=\"elementor-background-overlay\"><\/div>\n\t\t\t\t\t\t\t<div class=\"elementor-container elementor-column-gap-default\">\n\t\t\t\t\t<div class=\"elementor-column elementor-col-100 elementor-top-column elementor-element elementor-element-f925746\" data-id=\"f925746\" data-element_type=\"column\">\n\t\t\t<div class=\"elementor-widget-wrap elementor-element-populated\">\n\t\t\t\t\t\t<div class=\"elementor-element elementor-element-71b3571 elementor-widget elementor-widget-heading\" data-id=\"71b3571\" data-element_type=\"widget\" data-widget_type=\"heading.default\">\n\t\t\t\t<div class=\"elementor-widget-container\">\n\t\t\t\t\t<h1 class=\"elementor-heading-title elementor-size-default\">Instalaciones El\u00e9ctricas\n<\/h1>\t\t\t\t<\/div>\n\t\t\t\t<\/div>\n\t\t\t\t\t<\/div>\n\t\t<\/div>\n\t\t\t\t\t<\/div>\n\t\t<\/section>\n\t\t\t\t<section class=\"elementor-section elementor-top-section elementor-element elementor-element-bf61326 elementor-section-boxed elementor-section-height-default elementor-section-height-default\" data-id=\"bf61326\" data-element_type=\"section\" data-settings=\"{&quot;background_background&quot;:&quot;classic&quot;}\">\n\t\t\t\t\t\t<div class=\"elementor-container elementor-column-gap-default\">\n\t\t\t\t\t<div class=\"elementor-column elementor-col-100 elementor-top-column elementor-element elementor-element-6af0b27\" data-id=\"6af0b27\" data-element_type=\"column\">\n\t\t\t<div class=\"elementor-widget-wrap elementor-element-populated\">\n\t\t\t\t\t\t<div class=\"elementor-element elementor-element-cc174c3 elementor-widget elementor-widget-text-editor\" data-id=\"cc174c3\" data-element_type=\"widget\" data-widget_type=\"text-editor.default\">\n\t\t\t\t<div class=\"elementor-widget-container\">\n\t\t\t\t\t\t\t\t\t<div style=\"font-size: 16px; font-weight: 400; text-align: justify; font-family: Poppins, ui-sans-serif, system-ui, -apple-system, 'Segoe UI', Roboto, Ubuntu, Cantarell, 'Noto Sans', sans-serif, 'Helvetica Neue', Arial; color: #374151; line-height: 1.7;\"><p data-start=\"178\" data-end=\"299\">Realizamos <strong data-start=\"189\" data-end=\"240\">instalaciones el\u00e9ctricas seguras y certificadas<\/strong>, cumpliendo con toda la <strong data-start=\"265\" data-end=\"296\">normativa vigente de la SEC<\/strong>.<\/p><p data-start=\"301\" data-end=\"329\">\u2705 Servicios que ofrecemos:<\/p><ul data-start=\"330\" data-end=\"609\"><li data-start=\"330\" data-end=\"402\"><p data-start=\"332\" data-end=\"402\">Instalaci\u00f3n y reemplazo de <strong data-start=\"359\" data-end=\"399\">enchufes, interruptores y luminarias<\/strong>.<\/p><\/li><li data-start=\"403\" data-end=\"448\"><p data-start=\"405\" data-end=\"448\"><strong data-start=\"405\" data-end=\"424\">Puesta a tierra<\/strong> para mayor seguridad.<\/p><\/li><li data-start=\"449\" data-end=\"516\"><p data-start=\"451\" data-end=\"516\">Montaje, reparaci\u00f3n y modernizaci\u00f3n de <strong data-start=\"490\" data-end=\"513\">tableros el\u00e9ctricos<\/strong>.<\/p><\/li><li data-start=\"517\" data-end=\"561\"><p data-start=\"519\" data-end=\"561\">Canalizaci\u00f3n y ordenamiento de cableado.<\/p><\/li><li data-start=\"562\" data-end=\"609\"><p data-start=\"564\" data-end=\"609\">Ampliaci\u00f3n de circuitos para nuevas cargas.<\/p><\/li><\/ul><p data-start=\"611\" data-end=\"761\">Nos especializamos en <strong data-start=\"633\" data-end=\"689\">viviendas, edificios, oficinas y locales comerciales<\/strong>, asegurando un trabajo seguro, r\u00e1pido y con <strong data-start=\"734\" data-end=\"758\">garant\u00eda por escrito<\/strong>.<\/p><\/div>\t\t\t\t\t\t\t\t<\/div>\n\t\t\t\t<\/div>\n\t\t\t\t<div class=\"elementor-element elementor-element-982f570 elementor-widget__width-initial elementor-widget elementor-widget-text-editor\" data-id=\"982f570\" data-element_type=\"widget\" data-widget_type=\"text-editor.default\">\n\t\t\t\t<div class=\"elementor-widget-container\">\n\t\t\t\t\t\t\t\t\t<div style=\"background-color: #f7f7f8; color: #374151; font-family: Poppins, ui-sans-serif, system-ui, -apple-system, 'Segoe UI', Roboto, Ubuntu, Cantarell, 'Noto Sans', sans-serif, 'Helvetica Neue', Arial; font-size: 16px; line-height: 1.6; padding: 15px; border: 1px solid #d9d9e3; border-radius: 6px;\"><p style=\"margin-bottom: 1em;\">Contamos con una s\u00f3lida <strong>experiencia en el armado y mantenimiento de Tableros de Alumbrado, Fuerza y Control<\/strong>, incluyendo la gesti\u00f3n de grupos electr\u00f3genos <strong>ATS<\/strong>.<br \/>Tambi\u00e9n dominamos la instalaci\u00f3n y configuraci\u00f3n precisa de equipos de seguridad electr\u00f3nica como <strong>c\u00e1maras, DVR, NVR, routers, switches, alarmas y sensores<\/strong>.<\/p><p style=\"margin-bottom: 1em;\">Nos especializamos en el <strong>dibujo de planos en AutoCAD<\/strong>, la <strong>cubicaci\u00f3n<\/strong>, as\u00ed como en el <strong>dise\u00f1o y planificaci\u00f3n de proyectos<\/strong>, utilizando herramientas avanzadas como la <strong>Carta GANT<\/strong> para garantizar una gesti\u00f3n eficiente y precisa.<\/p><p style=\"margin-bottom: 1em;\">Adem\u00e1s, contamos con amplia experiencia en la <strong>configuraci\u00f3n, mantenimiento y reparaci\u00f3n de computadores<\/strong>, integrando soluciones tecnol\u00f3gicas a medida seg\u00fan las necesidades de cada cliente.<\/p><p style=\"margin-bottom: 0;\">Nuestra trayectoria en <strong>electr\u00f3nica y programaci\u00f3n<\/strong> nos distingue, permiti\u00e9ndonos ofrecer <u>soluciones integrales, innovadoras y de alta calidad<\/u> que marcan la diferencia en cada proyecto.<\/p><\/div>\t\t\t\t\t\t\t\t<\/div>\n\t\t\t\t<\/div>\n\t\t\t\t\t<\/div>\n\t\t<\/div>\n\t\t\t\t\t<\/div>\n\t\t<\/section>\n\t\t\t\t<\/div>\n\t\t","protected":false},"excerpt":{"rendered":"<p>Instalaciones El\u00e9ctricas Realizamos instalaciones el\u00e9ctricas seguras y certificadas, cumpliendo con toda la normativa vigente de la SEC. \u2705 Servicios que ofrecemos: Instalaci\u00f3n y reemplazo de enchufes, interruptores y luminarias. Puesta a tierra para mayor seguridad. Montaje, reparaci\u00f3n y modernizaci\u00f3n de tableros el\u00e9ctricos. Canalizaci\u00f3n y ordenamiento de cableado. Ampliaci\u00f3n de circuitos para nuevas cargas. Nos especializamos [&hellip;]<\/p>\n","protected":false},"author":1,"featured_media":0,"parent":0,"menu_order":0,"comment_status":"closed","ping_status":"closed","template":"","meta":{"footnotes":""},"class_list":["post-1987","page","type-page","status-publish","hentry"],"aioseo_notices":[],"_links":{"self":[{"href":"https:\/\/www.electricosec.cl\/index.php\/wp-json\/wp\/v2\/pages\/1987","targetHints":{"allow":["GET"]}}],"collection":[{"href":"https:\/\/www.electricosec.cl\/index.php\/wp-json\/wp\/v2\/pages"}],"about":[{"href":"https:\/\/www.electricosec.cl\/index.php\/wp-json\/wp\/v2\/types\/page"}],"author":[{"embeddable":true,"href":"https:\/\/www.electricosec.cl\/index.php\/wp-json\/wp\/v2\/users\/1"}],"replies":[{"embeddable":true,"href":"https:\/\/www.electricosec.cl\/index.php\/wp-json\/wp\/v2\/comments?post=1987"}],"version-history":[{"count":19,"href":"https:\/\/www.electricosec.cl\/index.php\/wp-json\/wp\/v2\/pages\/1987\/revisions"}],"predecessor-version":[{"id":2302,"href":"https:\/\/www.electricosec.cl\/index.php\/wp-json\/wp\/v2\/pages\/1987\/revisions\/2302"}],"wp:attachment":[{"href":"https:\/\/www.electricosec.cl\/index.php\/wp-json\/wp\/v2\/media?parent=1987"}],"curies":[{"name":"wp","href":"https:\/\/api.w.org\/{rel}","templated":true}]}}