{"id":1993,"date":"2025-08-27T03:24:25","date_gmt":"2025-08-27T06:24:25","guid":{"rendered":"https:\/\/www.electricosec.cl\/?page_id=1993"},"modified":"2025-08-27T15:50:45","modified_gmt":"2025-08-27T18:50:45","slug":"reparaciones","status":"publish","type":"page","link":"https:\/\/www.electricosec.cl\/index.php\/reparaciones\/","title":{"rendered":"Reparaciones"},"content":{"rendered":"\t\t<div data-elementor-type=\"wp-page\" data-elementor-id=\"1993\" class=\"elementor elementor-1993\" data-elementor-post-type=\"page\">\n\t\t\t\t\t\t<section class=\"elementor-section elementor-top-section elementor-element elementor-element-3c1cafd elementor-section-boxed elementor-section-height-default elementor-section-height-default\" data-id=\"3c1cafd\" data-element_type=\"section\" data-settings=\"{&quot;background_background&quot;:&quot;classic&quot;}\">\n\t\t\t\t\t\t\t<div class=\"elementor-background-overlay\"><\/div>\n\t\t\t\t\t\t\t<div class=\"elementor-container elementor-column-gap-default\">\n\t\t\t\t\t<div class=\"elementor-column elementor-col-100 elementor-top-column elementor-element elementor-element-d2869f3\" data-id=\"d2869f3\" data-element_type=\"column\">\n\t\t\t<div class=\"elementor-widget-wrap elementor-element-populated\">\n\t\t\t\t\t\t<div class=\"elementor-element elementor-element-ae56fa8 elementor-widget elementor-widget-heading\" data-id=\"ae56fa8\" data-element_type=\"widget\" data-widget_type=\"heading.default\">\n\t\t\t\t<div class=\"elementor-widget-container\">\n\t\t\t\t\t<h1 class=\"elementor-heading-title elementor-size-default\">Reparaciones\n<\/h1>\t\t\t\t<\/div>\n\t\t\t\t<\/div>\n\t\t\t\t\t<\/div>\n\t\t<\/div>\n\t\t\t\t\t<\/div>\n\t\t<\/section>\n\t\t\t\t<section class=\"elementor-section elementor-top-section elementor-element elementor-element-0495561 elementor-section-boxed elementor-section-height-default elementor-section-height-default\" data-id=\"0495561\" data-element_type=\"section\" data-settings=\"{&quot;background_background&quot;:&quot;classic&quot;}\">\n\t\t\t\t\t\t<div class=\"elementor-container elementor-column-gap-default\">\n\t\t\t\t\t<div class=\"elementor-column elementor-col-100 elementor-top-column elementor-element elementor-element-4377ffc\" data-id=\"4377ffc\" data-element_type=\"column\">\n\t\t\t<div class=\"elementor-widget-wrap elementor-element-populated\">\n\t\t\t\t\t\t<div class=\"elementor-element elementor-element-5287502 elementor-widget elementor-widget-text-editor\" data-id=\"5287502\" data-element_type=\"widget\" data-widget_type=\"text-editor.default\">\n\t\t\t\t<div class=\"elementor-widget-container\">\n\t\t\t\t\t\t\t\t\t<div style=\"font-size: 16px; font-weight: 400; text-align: justify; font-family: Poppins, ui-sans-serif, system-ui, -apple-system, 'Segoe UI', Roboto, Ubuntu, Cantarell, 'Noto Sans', sans-serif, 'Helvetica Neue', Arial; color: #374151; line-height: 1.7;\"><p data-start=\"147\" data-end=\"250\">Atendemos <strong data-start=\"157\" data-end=\"183\">emergencias el\u00e9ctricas<\/strong> los <strong data-start=\"188\" data-end=\"211\">7 d\u00edas de la semana<\/strong> en toda la <strong data-start=\"223\" data-end=\"247\">Regi\u00f3n Metropolitana<\/strong>.<\/p><p data-start=\"252\" data-end=\"281\">\u2705 Servicios que realizamos:<\/p><ul data-start=\"282\" data-end=\"575\"><li data-start=\"282\" data-end=\"338\"><p data-start=\"284\" data-end=\"338\">Soluci\u00f3n inmediata de <strong data-start=\"306\" data-end=\"335\">cortocircuitos y apagones<\/strong>.<\/p><\/li><li data-start=\"339\" data-end=\"400\"><p data-start=\"341\" data-end=\"400\">Detecci\u00f3n y reparaci\u00f3n de fallas en circuitos el\u00e9ctricos.<\/p><\/li><li data-start=\"401\" data-end=\"464\"><p data-start=\"403\" data-end=\"464\">Reemplazo de enchufes, interruptores y cableado defectuoso.<\/p><\/li><li data-start=\"465\" data-end=\"519\"><p data-start=\"467\" data-end=\"519\">Reparaci\u00f3n de tableros el\u00e9ctricos y diferenciales.<\/p><\/li><li data-start=\"520\" data-end=\"575\"><p data-start=\"522\" data-end=\"575\">Normalizaci\u00f3n de instalaciones seg\u00fan normativa SEC.<\/p><\/li><\/ul><p data-start=\"577\" data-end=\"734\">Contamos con t\u00e9cnicos <strong data-start=\"599\" data-end=\"629\">especialistas certificados<\/strong>, lo que garantiza un servicio <strong data-start=\"660\" data-end=\"690\">seguro, r\u00e1pido y confiable<\/strong>, con respaldo y <strong data-start=\"707\" data-end=\"731\">garant\u00eda por escrito<\/strong>.<\/p><\/div>\t\t\t\t\t\t\t\t<\/div>\n\t\t\t\t<\/div>\n\t\t\t\t<div class=\"elementor-element elementor-element-42f2c4a elementor-widget elementor-widget-image\" data-id=\"42f2c4a\" data-element_type=\"widget\" data-widget_type=\"image.default\">\n\t\t\t\t<div class=\"elementor-widget-container\">\n\t\t\t\t\t\t\t\t\t\t\t\t\t\t\t<img fetchpriority=\"high\" decoding=\"async\" width=\"468\" height=\"464\" src=\"https:\/\/www.electricosec.cl\/wp-content\/uploads\/2024\/08\/hugo_emilio.jpg\" class=\"attachment-large size-large wp-image-1645\" alt=\"\" srcset=\"https:\/\/www.electricosec.cl\/wp-content\/uploads\/2024\/08\/hugo_emilio.jpg 468w, https:\/\/www.electricosec.cl\/wp-content\/uploads\/2024\/08\/hugo_emilio-300x297.jpg 300w, https:\/\/www.electricosec.cl\/wp-content\/uploads\/2024\/08\/hugo_emilio-150x150.jpg 150w\" sizes=\"(max-width: 468px) 100vw, 468px\" \/>\t\t\t\t\t\t\t\t\t\t\t\t\t\t\t<\/div>\n\t\t\t\t<\/div>\n\t\t\t\t<div class=\"elementor-element elementor-element-02ca942 elementor-widget__width-initial elementor-widget elementor-widget-text-editor\" data-id=\"02ca942\" data-element_type=\"widget\" data-widget_type=\"text-editor.default\">\n\t\t\t\t<div class=\"elementor-widget-container\">\n\t\t\t\t\t\t\t\t\t<div style=\"background-color: #f7f7f8; color: #374151; font-family: Poppins, ui-sans-serif, system-ui, -apple-system, 'Segoe UI', Roboto, Ubuntu, Cantarell, 'Noto Sans', sans-serif, 'Helvetica Neue', Arial; font-size: 16px; line-height: 1.6; padding: 15px; border: 1px solid #d9d9e3; border-radius: 6px;\"><p style=\"margin-bottom: 1em;\">Contamos con una s\u00f3lida <strong>experiencia en el armado y mantenimiento de Tableros de Alumbrado, Fuerza y Control<\/strong>, incluyendo la gesti\u00f3n de grupos electr\u00f3genos <strong>ATS<\/strong>.<br \/>Tambi\u00e9n dominamos la instalaci\u00f3n y configuraci\u00f3n precisa de equipos de seguridad electr\u00f3nica como <strong>c\u00e1maras, DVR, NVR, routers, switches, alarmas y sensores<\/strong>.<\/p><p style=\"margin-bottom: 1em;\">Nos especializamos en el <strong>dibujo de planos en AutoCAD<\/strong>, la <strong>cubicaci\u00f3n<\/strong>, as\u00ed como en el <strong>dise\u00f1o y planificaci\u00f3n de proyectos<\/strong>, utilizando herramientas avanzadas como la <strong>Carta GANT<\/strong> para garantizar una gesti\u00f3n eficiente y precisa.<\/p><p style=\"margin-bottom: 1em;\">Adem\u00e1s, contamos con amplia experiencia en la <strong>configuraci\u00f3n, mantenimiento y reparaci\u00f3n de computadores<\/strong>, integrando soluciones tecnol\u00f3gicas a medida seg\u00fan las necesidades de cada cliente.<\/p><p style=\"margin-bottom: 0;\">Nuestra trayectoria en <strong>electr\u00f3nica y programaci\u00f3n<\/strong> nos distingue, permiti\u00e9ndonos ofrecer <u>soluciones integrales, innovadoras y de alta calidad<\/u> que marcan la diferencia en cada proyecto.<\/p><\/div>\t\t\t\t\t\t\t\t<\/div>\n\t\t\t\t<\/div>\n\t\t\t\t\t<\/div>\n\t\t<\/div>\n\t\t\t\t\t<\/div>\n\t\t<\/section>\n\t\t\t\t<\/div>\n\t\t","protected":false},"excerpt":{"rendered":"<p>Reparaciones Atendemos emergencias el\u00e9ctricas los 7 d\u00edas de la semana en toda la Regi\u00f3n Metropolitana. \u2705 Servicios que realizamos: Soluci\u00f3n inmediata de cortocircuitos y apagones. Detecci\u00f3n y reparaci\u00f3n de fallas en circuitos el\u00e9ctricos. Reemplazo de enchufes, interruptores y cableado defectuoso. Reparaci\u00f3n de tableros el\u00e9ctricos y diferenciales. Normalizaci\u00f3n de instalaciones seg\u00fan normativa SEC. Contamos con t\u00e9cnicos [&hellip;]<\/p>\n","protected":false},"author":1,"featured_media":0,"parent":0,"menu_order":0,"comment_status":"closed","ping_status":"closed","template":"","meta":{"footnotes":""},"class_list":["post-1993","page","type-page","status-publish","hentry"],"aioseo_notices":[],"_links":{"self":[{"href":"https:\/\/www.electricosec.cl\/index.php\/wp-json\/wp\/v2\/pages\/1993","targetHints":{"allow":["GET"]}}],"collection":[{"href":"https:\/\/www.electricosec.cl\/index.php\/wp-json\/wp\/v2\/pages"}],"about":[{"href":"https:\/\/www.electricosec.cl\/index.php\/wp-json\/wp\/v2\/types\/page"}],"author":[{"embeddable":true,"href":"https:\/\/www.electricosec.cl\/index.php\/wp-json\/wp\/v2\/users\/1"}],"replies":[{"embeddable":true,"href":"https:\/\/www.electricosec.cl\/index.php\/wp-json\/wp\/v2\/comments?post=1993"}],"version-history":[{"count":13,"href":"https:\/\/www.electricosec.cl\/index.php\/wp-json\/wp\/v2\/pages\/1993\/revisions"}],"predecessor-version":[{"id":2195,"href":"https:\/\/www.electricosec.cl\/index.php\/wp-json\/wp\/v2\/pages\/1993\/revisions\/2195"}],"wp:attachment":[{"href":"https:\/\/www.electricosec.cl\/index.php\/wp-json\/wp\/v2\/media?parent=1993"}],"curies":[{"name":"wp","href":"https:\/\/api.w.org\/{rel}","templated":true}]}}