{"id":1995,"date":"2025-08-27T03:24:42","date_gmt":"2025-08-27T06:24:42","guid":{"rendered":"https:\/\/www.electricosec.cl\/?page_id=1995"},"modified":"2025-08-29T01:03:32","modified_gmt":"2025-08-29T04:03:32","slug":"camaras-de-seguridad","status":"publish","type":"page","link":"https:\/\/www.electricosec.cl\/index.php\/camaras-de-seguridad\/","title":{"rendered":"C\u00e1maras de Seguridad"},"content":{"rendered":"\t\t<div data-elementor-type=\"wp-page\" data-elementor-id=\"1995\" class=\"elementor elementor-1995\" data-elementor-post-type=\"page\">\n\t\t\t\t\t\t<section class=\"elementor-section elementor-top-section elementor-element elementor-element-4ee8578 elementor-section-boxed elementor-section-height-default elementor-section-height-default\" data-id=\"4ee8578\" data-element_type=\"section\" data-settings=\"{&quot;background_background&quot;:&quot;classic&quot;}\">\n\t\t\t\t\t\t\t<div class=\"elementor-background-overlay\"><\/div>\n\t\t\t\t\t\t\t<div class=\"elementor-container elementor-column-gap-default\">\n\t\t\t\t\t<div class=\"elementor-column elementor-col-100 elementor-top-column elementor-element elementor-element-6af4e7a\" data-id=\"6af4e7a\" data-element_type=\"column\">\n\t\t\t<div class=\"elementor-widget-wrap elementor-element-populated\">\n\t\t\t\t\t\t<div class=\"elementor-element elementor-element-68117a9 elementor-widget elementor-widget-heading\" data-id=\"68117a9\" data-element_type=\"widget\" data-widget_type=\"heading.default\">\n\t\t\t\t<div class=\"elementor-widget-container\">\n\t\t\t\t\t<h1 class=\"elementor-heading-title elementor-size-default\">C\u00e1maras de Seguridad\n<\/h1>\t\t\t\t<\/div>\n\t\t\t\t<\/div>\n\t\t\t\t\t<\/div>\n\t\t<\/div>\n\t\t\t\t\t<\/div>\n\t\t<\/section>\n\t\t\t\t<section class=\"elementor-section elementor-top-section elementor-element elementor-element-713972a elementor-section-boxed elementor-section-height-default elementor-section-height-default\" data-id=\"713972a\" data-element_type=\"section\" data-settings=\"{&quot;background_background&quot;:&quot;classic&quot;}\">\n\t\t\t\t\t\t<div class=\"elementor-container elementor-column-gap-default\">\n\t\t\t\t\t<div class=\"elementor-column elementor-col-100 elementor-top-column elementor-element elementor-element-fbe3118\" data-id=\"fbe3118\" data-element_type=\"column\">\n\t\t\t<div class=\"elementor-widget-wrap elementor-element-populated\">\n\t\t\t\t\t\t<div class=\"elementor-element elementor-element-f44bc2f elementor-widget elementor-widget-text-editor\" data-id=\"f44bc2f\" data-element_type=\"widget\" data-widget_type=\"text-editor.default\">\n\t\t\t\t<div class=\"elementor-widget-container\">\n\t\t\t\t\t\t\t\t\t<div style=\"font-size: 16px; font-weight: 400; text-align: justify; font-family: Poppins, ui-sans-serif, system-ui, -apple-system, 'Segoe UI', Roboto, Ubuntu, Cantarell, 'Noto Sans', sans-serif, 'Helvetica Neue', Arial; color: #374151; line-height: 1.7;\"><p data-start=\"178\" data-end=\"418\">Brindamos soluciones r\u00e1pidas y efectivas para <strong data-start=\"292\" data-end=\"340\">cortocircuitos, apagones y fallas el\u00e9ctricas<\/strong> en cualquier tipo de inmueble, ya sea domiciliario, comercial o industrial.<\/p><p data-start=\"420\" data-end=\"549\">Trabajamos <strong data-start=\"431\" data-end=\"490\">los 7 d\u00edas de la semana en toda la Regi\u00f3n Metropolitana<\/strong>, garantizando atenci\u00f3n inmediata y servicios de calidad.<\/p><p data-start=\"551\" data-end=\"696\">Somos <strong data-start=\"557\" data-end=\"598\">especialistas certificados por la SEC<\/strong>, lo que asegura que cada instalaci\u00f3n cumpla con las normativas vigentes de seguridad el\u00e9ctrica.<\/p><p data-start=\"698\" data-end=\"742\">Adem\u00e1s de resolver emergencias, ofrecemos:<\/p><ul data-start=\"743\" data-end=\"1097\"><li data-start=\"743\" data-end=\"828\"><p data-start=\"745\" data-end=\"828\"><strong data-start=\"745\" data-end=\"825\">Instalaci\u00f3n y mantenimiento de c\u00e1maras de seguridad y sistemas de vigilancia<\/strong>.<\/p><\/li><li data-start=\"829\" data-end=\"895\"><p data-start=\"831\" data-end=\"895\"><strong data-start=\"831\" data-end=\"892\">Dise\u00f1o e implementaci\u00f3n de tableros el\u00e9ctricos y empalmes<\/strong>.<\/p><\/li><li data-start=\"896\" data-end=\"949\"><p data-start=\"898\" data-end=\"949\"><strong data-start=\"898\" data-end=\"946\">Tramitaci\u00f3n de certificados TE-1 ante la SEC<\/strong>.<\/p><\/li><li data-start=\"950\" data-end=\"1039\"><p data-start=\"952\" data-end=\"1039\"><strong data-start=\"952\" data-end=\"986\">Asesor\u00eda t\u00e9cnica personalizada<\/strong> para proyectos el\u00e9ctricos nuevos o remodelaciones.<\/p><\/li><li data-start=\"1040\" data-end=\"1097\"><p data-start=\"1042\" data-end=\"1097\"><strong data-start=\"1042\" data-end=\"1067\">Garant\u00edas por escrito<\/strong> en todos nuestros trabajos.<\/p><\/li><\/ul><p data-start=\"1099\" data-end=\"1260\">Nuestro objetivo es entregar un servicio <strong data-start=\"1140\" data-end=\"1170\">seguro, r\u00e1pido y confiable<\/strong>, respaldado por la experiencia y el compromiso de un equipo de t\u00e9cnicos especializados.<\/p><\/div>\t\t\t\t\t\t\t\t<\/div>\n\t\t\t\t<\/div>\n\t\t\t\t<div class=\"elementor-element elementor-element-d6dd517 elementor-widget__width-initial elementor-widget elementor-widget-text-editor\" data-id=\"d6dd517\" data-element_type=\"widget\" data-widget_type=\"text-editor.default\">\n\t\t\t\t<div class=\"elementor-widget-container\">\n\t\t\t\t\t\t\t\t\t<div style=\"background-color: #f7f7f8; color: #374151; font-family: Poppins, ui-sans-serif, system-ui, -apple-system, 'Segoe UI', Roboto, Ubuntu, Cantarell, 'Noto Sans', sans-serif, 'Helvetica Neue', Arial; font-size: 16px; line-height: 1.6; padding: 15px; border: 1px solid #d9d9e3; border-radius: 6px;\"><p style=\"margin-bottom: 1em;\">Contamos con una s\u00f3lida <strong>experiencia en el armado y mantenimiento de Tableros de Alumbrado, Fuerza y Control<\/strong>, incluyendo la gesti\u00f3n de grupos electr\u00f3genos <strong>ATS<\/strong>.<br \/>Tambi\u00e9n dominamos la instalaci\u00f3n y configuraci\u00f3n precisa de equipos de seguridad electr\u00f3nica como <strong>c\u00e1maras, DVR, NVR, routers, switches, alarmas y sensores<\/strong>.<\/p><p style=\"margin-bottom: 1em;\">Nos especializamos en el <strong>dibujo de planos en AutoCAD<\/strong>, la <strong>cubicaci\u00f3n<\/strong>, as\u00ed como en el <strong>dise\u00f1o y planificaci\u00f3n de proyectos<\/strong>, utilizando herramientas avanzadas como la <strong>Carta GANT<\/strong> para garantizar una gesti\u00f3n eficiente y precisa.<\/p><p style=\"margin-bottom: 1em;\">Adem\u00e1s, contamos con amplia experiencia en la <strong>configuraci\u00f3n, mantenimiento y reparaci\u00f3n de computadores<\/strong>, integrando soluciones tecnol\u00f3gicas a medida seg\u00fan las necesidades de cada cliente.<\/p><p style=\"margin-bottom: 0;\">Nuestra trayectoria en <strong>electr\u00f3nica y programaci\u00f3n<\/strong> nos distingue, permiti\u00e9ndonos ofrecer <u>soluciones integrales, innovadoras y de alta calidad<\/u> que marcan la diferencia en cada proyecto.<\/p><\/div>\t\t\t\t\t\t\t\t<\/div>\n\t\t\t\t<\/div>\n\t\t\t\t\t<\/div>\n\t\t<\/div>\n\t\t\t\t\t<\/div>\n\t\t<\/section>\n\t\t\t\t<\/div>\n\t\t","protected":false},"excerpt":{"rendered":"<p>C\u00e1maras de Seguridad Brindamos soluciones r\u00e1pidas y efectivas para cortocircuitos, apagones y fallas el\u00e9ctricas en cualquier tipo de inmueble, ya sea domiciliario, comercial o industrial. Trabajamos los 7 d\u00edas de la semana en toda la Regi\u00f3n Metropolitana, garantizando atenci\u00f3n inmediata y servicios de calidad. Somos especialistas certificados por la SEC, lo que asegura que cada [&hellip;]<\/p>\n","protected":false},"author":1,"featured_media":0,"parent":0,"menu_order":0,"comment_status":"closed","ping_status":"closed","template":"","meta":{"footnotes":""},"class_list":["post-1995","page","type-page","status-publish","hentry"],"aioseo_notices":[],"_links":{"self":[{"href":"https:\/\/www.electricosec.cl\/index.php\/wp-json\/wp\/v2\/pages\/1995","targetHints":{"allow":["GET"]}}],"collection":[{"href":"https:\/\/www.electricosec.cl\/index.php\/wp-json\/wp\/v2\/pages"}],"about":[{"href":"https:\/\/www.electricosec.cl\/index.php\/wp-json\/wp\/v2\/types\/page"}],"author":[{"embeddable":true,"href":"https:\/\/www.electricosec.cl\/index.php\/wp-json\/wp\/v2\/users\/1"}],"replies":[{"embeddable":true,"href":"https:\/\/www.electricosec.cl\/index.php\/wp-json\/wp\/v2\/comments?post=1995"}],"version-history":[{"count":16,"href":"https:\/\/www.electricosec.cl\/index.php\/wp-json\/wp\/v2\/pages\/1995\/revisions"}],"predecessor-version":[{"id":2293,"href":"https:\/\/www.electricosec.cl\/index.php\/wp-json\/wp\/v2\/pages\/1995\/revisions\/2293"}],"wp:attachment":[{"href":"https:\/\/www.electricosec.cl\/index.php\/wp-json\/wp\/v2\/media?parent=1995"}],"curies":[{"name":"wp","href":"https:\/\/api.w.org\/{rel}","templated":true}]}}