{"id":1997,"date":"2025-08-27T03:24:58","date_gmt":"2025-08-27T06:24:58","guid":{"rendered":"https:\/\/www.electricosec.cl\/?page_id=1997"},"modified":"2025-08-27T15:49:55","modified_gmt":"2025-08-27T18:49:55","slug":"portones-electricos","status":"publish","type":"page","link":"https:\/\/www.electricosec.cl\/index.php\/portones-electricos\/","title":{"rendered":"Portones El\u00e9ctricos"},"content":{"rendered":"\t\t<div data-elementor-type=\"wp-page\" data-elementor-id=\"1997\" class=\"elementor elementor-1997\" data-elementor-post-type=\"page\">\n\t\t\t\t\t\t<section class=\"elementor-section elementor-top-section elementor-element elementor-element-a376732 elementor-section-boxed elementor-section-height-default elementor-section-height-default\" data-id=\"a376732\" data-element_type=\"section\" data-settings=\"{&quot;background_background&quot;:&quot;classic&quot;}\">\n\t\t\t\t\t\t\t<div class=\"elementor-background-overlay\"><\/div>\n\t\t\t\t\t\t\t<div class=\"elementor-container elementor-column-gap-default\">\n\t\t\t\t\t<div class=\"elementor-column elementor-col-100 elementor-top-column elementor-element elementor-element-bc1b964\" data-id=\"bc1b964\" data-element_type=\"column\">\n\t\t\t<div class=\"elementor-widget-wrap elementor-element-populated\">\n\t\t\t\t\t\t<div class=\"elementor-element elementor-element-1e57240 elementor-widget elementor-widget-heading\" data-id=\"1e57240\" data-element_type=\"widget\" data-widget_type=\"heading.default\">\n\t\t\t\t<div class=\"elementor-widget-container\">\n\t\t\t\t\t<h1 class=\"elementor-heading-title elementor-size-default\">Portones El\u00e9ctricos\n<\/h1>\t\t\t\t<\/div>\n\t\t\t\t<\/div>\n\t\t\t\t\t<\/div>\n\t\t<\/div>\n\t\t\t\t\t<\/div>\n\t\t<\/section>\n\t\t\t\t<section class=\"elementor-section elementor-top-section elementor-element elementor-element-a8dc1f4 elementor-section-boxed elementor-section-height-default elementor-section-height-default\" data-id=\"a8dc1f4\" data-element_type=\"section\" data-settings=\"{&quot;background_background&quot;:&quot;classic&quot;}\">\n\t\t\t\t\t\t<div class=\"elementor-container elementor-column-gap-default\">\n\t\t\t\t\t<div class=\"elementor-column elementor-col-100 elementor-top-column elementor-element elementor-element-946251b\" data-id=\"946251b\" data-element_type=\"column\">\n\t\t\t<div class=\"elementor-widget-wrap elementor-element-populated\">\n\t\t\t\t\t\t<div class=\"elementor-element elementor-element-d12e3bd elementor-widget elementor-widget-text-editor\" data-id=\"d12e3bd\" data-element_type=\"widget\" data-widget_type=\"text-editor.default\">\n\t\t\t\t<div class=\"elementor-widget-container\">\n\t\t\t\t\t\t\t\t\t<div style=\"font-size: 16px; font-weight: 400; text-align: justify; font-family: Poppins, ui-sans-serif, system-ui, -apple-system, 'Segoe UI', Roboto, Ubuntu, Cantarell, 'Noto Sans', sans-serif, 'Helvetica Neue', Arial; color: #374151; line-height: 1.7;\"><p data-start=\"209\" data-end=\"336\">Somos especialistas en la <strong data-start=\"235\" data-end=\"298\">instalaci\u00f3n, reparaci\u00f3n y mantenci\u00f3n de portones el\u00e9ctricos<\/strong> para casas, condominios y empresas.<\/p><p data-start=\"338\" data-end=\"366\">\u2705 Servicios que ofrecemos:<\/p><ul data-start=\"367\" data-end=\"771\"><li data-start=\"367\" data-end=\"431\"><p data-start=\"369\" data-end=\"431\">Instalaci\u00f3n de motores para portones correderos y batientes.<\/p><\/li><li data-start=\"432\" data-end=\"511\"><p data-start=\"434\" data-end=\"511\">Reparaci\u00f3n de fallas en motores, tableros de control y sistemas el\u00e9ctricos.<\/p><\/li><li data-start=\"512\" data-end=\"552\"><p data-start=\"514\" data-end=\"552\">Automatizaci\u00f3n de portones manuales.<\/p><\/li><li data-start=\"553\" data-end=\"629\"><p data-start=\"555\" data-end=\"629\">Integraci\u00f3n con <strong data-start=\"571\" data-end=\"626\">citofon\u00eda, c\u00e1maras de seguridad y controles remotos<\/strong>.<\/p><\/li><li data-start=\"630\" data-end=\"696\"><p data-start=\"632\" data-end=\"696\">Mantenci\u00f3n preventiva para prolongar la vida \u00fatil del sistema.<\/p><\/li><li data-start=\"697\" data-end=\"771\"><p data-start=\"699\" data-end=\"771\">Todo trabajo realizado <strong data-start=\"722\" data-end=\"768\">bajo normativa el\u00e9ctrica vigente de la SEC<\/strong>.<\/p><\/li><\/ul><p data-start=\"773\" data-end=\"896\">Garantizamos un servicio <strong data-start=\"798\" data-end=\"839\">seguro, r\u00e1pido y con respaldo t\u00e9cnico<\/strong>, entregando <strong data-start=\"852\" data-end=\"876\">garant\u00eda por escrito<\/strong> en cada proyecto.<\/p><\/div>\t\t\t\t\t\t\t\t<\/div>\n\t\t\t\t<\/div>\n\t\t\t\t<div class=\"elementor-element elementor-element-132ffca elementor-widget elementor-widget-image\" data-id=\"132ffca\" data-element_type=\"widget\" data-widget_type=\"image.default\">\n\t\t\t\t<div class=\"elementor-widget-container\">\n\t\t\t\t\t\t\t\t\t\t\t\t\t\t\t<img fetchpriority=\"high\" decoding=\"async\" width=\"468\" height=\"464\" src=\"https:\/\/www.electricosec.cl\/wp-content\/uploads\/2024\/08\/hugo_emilio.jpg\" class=\"attachment-large size-large wp-image-1645\" alt=\"\" srcset=\"https:\/\/www.electricosec.cl\/wp-content\/uploads\/2024\/08\/hugo_emilio.jpg 468w, https:\/\/www.electricosec.cl\/wp-content\/uploads\/2024\/08\/hugo_emilio-300x297.jpg 300w, https:\/\/www.electricosec.cl\/wp-content\/uploads\/2024\/08\/hugo_emilio-150x150.jpg 150w\" sizes=\"(max-width: 468px) 100vw, 468px\" \/>\t\t\t\t\t\t\t\t\t\t\t\t\t\t\t<\/div>\n\t\t\t\t<\/div>\n\t\t\t\t<div class=\"elementor-element elementor-element-c96d5a1 elementor-widget__width-initial elementor-widget elementor-widget-text-editor\" data-id=\"c96d5a1\" data-element_type=\"widget\" data-widget_type=\"text-editor.default\">\n\t\t\t\t<div class=\"elementor-widget-container\">\n\t\t\t\t\t\t\t\t\t<div style=\"background-color: #f7f7f8; color: #374151; font-family: Poppins, ui-sans-serif, system-ui, -apple-system, 'Segoe UI', Roboto, Ubuntu, Cantarell, 'Noto Sans', sans-serif, 'Helvetica Neue', Arial; font-size: 16px; line-height: 1.6; padding: 15px; border: 1px solid #d9d9e3; border-radius: 6px;\"><p style=\"margin-bottom: 1em;\">Contamos con una s\u00f3lida <strong>experiencia en el armado y mantenimiento de Tableros de Alumbrado, Fuerza y Control<\/strong>, incluyendo la gesti\u00f3n de grupos electr\u00f3genos <strong>ATS<\/strong>.<br \/>Tambi\u00e9n dominamos la instalaci\u00f3n y configuraci\u00f3n precisa de equipos de seguridad electr\u00f3nica como <strong>c\u00e1maras, DVR, NVR, routers, switches, alarmas y sensores<\/strong>.<\/p><p style=\"margin-bottom: 1em;\">Nos especializamos en el <strong>dibujo de planos en AutoCAD<\/strong>, la <strong>cubicaci\u00f3n<\/strong>, as\u00ed como en el <strong>dise\u00f1o y planificaci\u00f3n de proyectos<\/strong>, utilizando herramientas avanzadas como la <strong>Carta GANT<\/strong> para garantizar una gesti\u00f3n eficiente y precisa.<\/p><p style=\"margin-bottom: 1em;\">Adem\u00e1s, contamos con amplia experiencia en la <strong>configuraci\u00f3n, mantenimiento y reparaci\u00f3n de computadores<\/strong>, integrando soluciones tecnol\u00f3gicas a medida seg\u00fan las necesidades de cada cliente.<\/p><p style=\"margin-bottom: 0;\">Nuestra trayectoria en <strong>electr\u00f3nica y programaci\u00f3n<\/strong> nos distingue, permiti\u00e9ndonos ofrecer <u>soluciones integrales, innovadoras y de alta calidad<\/u> que marcan la diferencia en cada proyecto.<\/p><\/div>\t\t\t\t\t\t\t\t<\/div>\n\t\t\t\t<\/div>\n\t\t\t\t\t<\/div>\n\t\t<\/div>\n\t\t\t\t\t<\/div>\n\t\t<\/section>\n\t\t\t\t<\/div>\n\t\t","protected":false},"excerpt":{"rendered":"<p>Portones El\u00e9ctricos Somos especialistas en la instalaci\u00f3n, reparaci\u00f3n y mantenci\u00f3n de portones el\u00e9ctricos para casas, condominios y empresas. \u2705 Servicios que ofrecemos: Instalaci\u00f3n de motores para portones correderos y batientes. Reparaci\u00f3n de fallas en motores, tableros de control y sistemas el\u00e9ctricos. Automatizaci\u00f3n de portones manuales. Integraci\u00f3n con citofon\u00eda, c\u00e1maras de seguridad y controles remotos. Mantenci\u00f3n [&hellip;]<\/p>\n","protected":false},"author":1,"featured_media":0,"parent":0,"menu_order":0,"comment_status":"closed","ping_status":"closed","template":"","meta":{"footnotes":""},"class_list":["post-1997","page","type-page","status-publish","hentry"],"aioseo_notices":[],"_links":{"self":[{"href":"https:\/\/www.electricosec.cl\/index.php\/wp-json\/wp\/v2\/pages\/1997","targetHints":{"allow":["GET"]}}],"collection":[{"href":"https:\/\/www.electricosec.cl\/index.php\/wp-json\/wp\/v2\/pages"}],"about":[{"href":"https:\/\/www.electricosec.cl\/index.php\/wp-json\/wp\/v2\/types\/page"}],"author":[{"embeddable":true,"href":"https:\/\/www.electricosec.cl\/index.php\/wp-json\/wp\/v2\/users\/1"}],"replies":[{"embeddable":true,"href":"https:\/\/www.electricosec.cl\/index.php\/wp-json\/wp\/v2\/comments?post=1997"}],"version-history":[{"count":10,"href":"https:\/\/www.electricosec.cl\/index.php\/wp-json\/wp\/v2\/pages\/1997\/revisions"}],"predecessor-version":[{"id":2192,"href":"https:\/\/www.electricosec.cl\/index.php\/wp-json\/wp\/v2\/pages\/1997\/revisions\/2192"}],"wp:attachment":[{"href":"https:\/\/www.electricosec.cl\/index.php\/wp-json\/wp\/v2\/media?parent=1997"}],"curies":[{"name":"wp","href":"https:\/\/api.w.org\/{rel}","templated":true}]}}