{"id":1999,"date":"2025-08-27T03:25:13","date_gmt":"2025-08-27T06:25:13","guid":{"rendered":"https:\/\/www.electricosec.cl\/?page_id=1999"},"modified":"2025-08-27T15:51:52","modified_gmt":"2025-08-27T18:51:52","slug":"tableros-electricos","status":"publish","type":"page","link":"https:\/\/www.electricosec.cl\/index.php\/tableros-electricos\/","title":{"rendered":"Tableros el\u00e9ctricos"},"content":{"rendered":"\t\t<div data-elementor-type=\"wp-page\" data-elementor-id=\"1999\" class=\"elementor elementor-1999\" data-elementor-post-type=\"page\">\n\t\t\t\t\t\t<section class=\"elementor-section elementor-top-section elementor-element elementor-element-f7eb46c elementor-section-boxed elementor-section-height-default elementor-section-height-default\" data-id=\"f7eb46c\" data-element_type=\"section\" data-settings=\"{&quot;background_background&quot;:&quot;classic&quot;}\">\n\t\t\t\t\t\t\t<div class=\"elementor-background-overlay\"><\/div>\n\t\t\t\t\t\t\t<div class=\"elementor-container elementor-column-gap-default\">\n\t\t\t\t\t<div class=\"elementor-column elementor-col-100 elementor-top-column elementor-element elementor-element-5598808\" data-id=\"5598808\" data-element_type=\"column\">\n\t\t\t<div class=\"elementor-widget-wrap elementor-element-populated\">\n\t\t\t\t\t\t<div class=\"elementor-element elementor-element-dfeaccf elementor-widget elementor-widget-heading\" data-id=\"dfeaccf\" data-element_type=\"widget\" data-widget_type=\"heading.default\">\n\t\t\t\t<div class=\"elementor-widget-container\">\n\t\t\t\t\t<h1 class=\"elementor-heading-title elementor-size-default\">Tableros el\u00e9ctricos\n<\/h1>\t\t\t\t<\/div>\n\t\t\t\t<\/div>\n\t\t\t\t\t<\/div>\n\t\t<\/div>\n\t\t\t\t\t<\/div>\n\t\t<\/section>\n\t\t\t\t<section class=\"elementor-section elementor-top-section elementor-element elementor-element-29da3f8 elementor-section-boxed elementor-section-height-default elementor-section-height-default\" data-id=\"29da3f8\" data-element_type=\"section\" data-settings=\"{&quot;background_background&quot;:&quot;classic&quot;}\">\n\t\t\t\t\t\t<div class=\"elementor-container elementor-column-gap-default\">\n\t\t\t\t\t<div class=\"elementor-column elementor-col-100 elementor-top-column elementor-element elementor-element-26b7ef2\" data-id=\"26b7ef2\" data-element_type=\"column\">\n\t\t\t<div class=\"elementor-widget-wrap elementor-element-populated\">\n\t\t\t\t\t\t<div class=\"elementor-element elementor-element-ae6ca94 elementor-widget elementor-widget-text-editor\" data-id=\"ae6ca94\" data-element_type=\"widget\" data-widget_type=\"text-editor.default\">\n\t\t\t\t<div class=\"elementor-widget-container\">\n\t\t\t\t\t\t\t\t\t<div style=\"font-size: 16px; font-weight: 400; text-align: justify; font-family: Poppins, ui-sans-serif, system-ui, -apple-system, 'Segoe UI', Roboto, Ubuntu, Cantarell, 'Noto Sans', sans-serif, 'Helvetica Neue', Arial; color: #374151; line-height: 1.7;\"><p data-start=\"135\" data-end=\"338\">Realizamos el <strong data-start=\"149\" data-end=\"204\">dise\u00f1o, armado e instalaci\u00f3n de tableros el\u00e9ctricos<\/strong> para viviendas, edificios, oficinas e industrias, cumpliendo con las normativas de la <strong data-start=\"291\" data-end=\"298\">SEC<\/strong> para mayor seguridad y confiabilidad.<\/p><p data-start=\"340\" data-end=\"368\">\u2705 Servicios que ofrecemos:<\/p><ul data-start=\"369\" data-end=\"701\"><li data-start=\"369\" data-end=\"425\"><p data-start=\"371\" data-end=\"425\"><strong data-start=\"371\" data-end=\"422\">Armado de tableros de protecci\u00f3n y distribuci\u00f3n<\/strong>.<\/p><\/li><li data-start=\"426\" data-end=\"506\"><p data-start=\"428\" data-end=\"506\"><strong data-start=\"428\" data-end=\"468\">Tableros de control y automatizaci\u00f3n<\/strong> para distintos sistemas el\u00e9ctricos.<\/p><\/li><li data-start=\"507\" data-end=\"561\"><p data-start=\"509\" data-end=\"561\"><strong data-start=\"509\" data-end=\"558\">Instalaci\u00f3n y verificaci\u00f3n de puesta a tierra<\/strong>.<\/p><\/li><li data-start=\"562\" data-end=\"624\"><p data-start=\"564\" data-end=\"624\"><strong data-start=\"564\" data-end=\"621\">Reparaciones, ampliaciones y mantenciones preventivas<\/strong>.<\/p><\/li><li data-start=\"625\" data-end=\"701\"><p data-start=\"627\" data-end=\"701\">Modernizaci\u00f3n de tableros antiguos para cumplir con la normativa actual.<\/p><\/li><\/ul><p data-start=\"703\" data-end=\"836\">Entregamos un servicio <strong data-start=\"726\" data-end=\"761\">seguro, eficiente y garantizado<\/strong>, asegurando el correcto funcionamiento de toda tu instalaci\u00f3n el\u00e9ctrica.<\/p><\/div>\t\t\t\t\t\t\t\t<\/div>\n\t\t\t\t<\/div>\n\t\t\t\t<div class=\"elementor-element elementor-element-6bf74fc elementor-widget elementor-widget-image\" data-id=\"6bf74fc\" data-element_type=\"widget\" data-widget_type=\"image.default\">\n\t\t\t\t<div class=\"elementor-widget-container\">\n\t\t\t\t\t\t\t\t\t\t\t\t\t\t\t<img fetchpriority=\"high\" decoding=\"async\" width=\"468\" height=\"464\" src=\"https:\/\/www.electricosec.cl\/wp-content\/uploads\/2024\/08\/hugo_emilio.jpg\" class=\"attachment-large size-large wp-image-1645\" alt=\"\" srcset=\"https:\/\/www.electricosec.cl\/wp-content\/uploads\/2024\/08\/hugo_emilio.jpg 468w, https:\/\/www.electricosec.cl\/wp-content\/uploads\/2024\/08\/hugo_emilio-300x297.jpg 300w, https:\/\/www.electricosec.cl\/wp-content\/uploads\/2024\/08\/hugo_emilio-150x150.jpg 150w\" sizes=\"(max-width: 468px) 100vw, 468px\" \/>\t\t\t\t\t\t\t\t\t\t\t\t\t\t\t<\/div>\n\t\t\t\t<\/div>\n\t\t\t\t<div class=\"elementor-element elementor-element-a1cecac elementor-widget__width-initial elementor-widget elementor-widget-text-editor\" data-id=\"a1cecac\" data-element_type=\"widget\" data-widget_type=\"text-editor.default\">\n\t\t\t\t<div class=\"elementor-widget-container\">\n\t\t\t\t\t\t\t\t\t<div style=\"background-color: #f7f7f8; color: #374151; font-family: Poppins, ui-sans-serif, system-ui, -apple-system, 'Segoe UI', Roboto, Ubuntu, Cantarell, 'Noto Sans', sans-serif, 'Helvetica Neue', Arial; font-size: 16px; line-height: 1.6; padding: 15px; border: 1px solid #d9d9e3; border-radius: 6px;\"><p style=\"margin-bottom: 1em;\">Contamos con una s\u00f3lida <strong>experiencia en el armado y mantenimiento de Tableros de Alumbrado, Fuerza y Control<\/strong>, incluyendo la gesti\u00f3n de grupos electr\u00f3genos <strong>ATS<\/strong>.<br \/>Tambi\u00e9n dominamos la instalaci\u00f3n y configuraci\u00f3n precisa de equipos de seguridad electr\u00f3nica como <strong>c\u00e1maras, DVR, NVR, routers, switches, alarmas y sensores<\/strong>.<\/p><p style=\"margin-bottom: 1em;\">Nos especializamos en el <strong>dibujo de planos en AutoCAD<\/strong>, la <strong>cubicaci\u00f3n<\/strong>, as\u00ed como en el <strong>dise\u00f1o y planificaci\u00f3n de proyectos<\/strong>, utilizando herramientas avanzadas como la <strong>Carta GANT<\/strong> para garantizar una gesti\u00f3n eficiente y precisa.<\/p><p style=\"margin-bottom: 1em;\">Adem\u00e1s, contamos con amplia experiencia en la <strong>configuraci\u00f3n, mantenimiento y reparaci\u00f3n de computadores<\/strong>, integrando soluciones tecnol\u00f3gicas a medida seg\u00fan las necesidades de cada cliente.<\/p><p style=\"margin-bottom: 0;\">Nuestra trayectoria en <strong>electr\u00f3nica y programaci\u00f3n<\/strong> nos distingue, permiti\u00e9ndonos ofrecer <u>soluciones integrales, innovadoras y de alta calidad<\/u> que marcan la diferencia en cada proyecto.<\/p><\/div>\t\t\t\t\t\t\t\t<\/div>\n\t\t\t\t<\/div>\n\t\t\t\t\t<\/div>\n\t\t<\/div>\n\t\t\t\t\t<\/div>\n\t\t<\/section>\n\t\t\t\t<\/div>\n\t\t","protected":false},"excerpt":{"rendered":"<p>Tableros el\u00e9ctricos Realizamos el dise\u00f1o, armado e instalaci\u00f3n de tableros el\u00e9ctricos para viviendas, edificios, oficinas e industrias, cumpliendo con las normativas de la SEC para mayor seguridad y confiabilidad. \u2705 Servicios que ofrecemos: Armado de tableros de protecci\u00f3n y distribuci\u00f3n. Tableros de control y automatizaci\u00f3n para distintos sistemas el\u00e9ctricos. Instalaci\u00f3n y verificaci\u00f3n de puesta a [&hellip;]<\/p>\n","protected":false},"author":1,"featured_media":0,"parent":0,"menu_order":0,"comment_status":"closed","ping_status":"closed","template":"","meta":{"footnotes":""},"class_list":["post-1999","page","type-page","status-publish","hentry"],"aioseo_notices":[],"_links":{"self":[{"href":"https:\/\/www.electricosec.cl\/index.php\/wp-json\/wp\/v2\/pages\/1999","targetHints":{"allow":["GET"]}}],"collection":[{"href":"https:\/\/www.electricosec.cl\/index.php\/wp-json\/wp\/v2\/pages"}],"about":[{"href":"https:\/\/www.electricosec.cl\/index.php\/wp-json\/wp\/v2\/types\/page"}],"author":[{"embeddable":true,"href":"https:\/\/www.electricosec.cl\/index.php\/wp-json\/wp\/v2\/users\/1"}],"replies":[{"embeddable":true,"href":"https:\/\/www.electricosec.cl\/index.php\/wp-json\/wp\/v2\/comments?post=1999"}],"version-history":[{"count":7,"href":"https:\/\/www.electricosec.cl\/index.php\/wp-json\/wp\/v2\/pages\/1999\/revisions"}],"predecessor-version":[{"id":2198,"href":"https:\/\/www.electricosec.cl\/index.php\/wp-json\/wp\/v2\/pages\/1999\/revisions\/2198"}],"wp:attachment":[{"href":"https:\/\/www.electricosec.cl\/index.php\/wp-json\/wp\/v2\/media?parent=1999"}],"curies":[{"name":"wp","href":"https:\/\/api.w.org\/{rel}","templated":true}]}}