{"id":2309,"date":"2025-09-02T02:34:25","date_gmt":"2025-09-02T05:34:25","guid":{"rendered":"https:\/\/www.electricosec.cl\/?page_id=2309"},"modified":"2025-09-12T02:16:37","modified_gmt":"2025-09-12T05:16:37","slug":"blog","status":"publish","type":"page","link":"https:\/\/www.electricosec.cl\/index.php\/blog\/","title":{"rendered":"Blog"},"content":{"rendered":"\t\t<div data-elementor-type=\"wp-page\" data-elementor-id=\"2309\" class=\"elementor elementor-2309\" data-elementor-post-type=\"page\">\n\t\t\t\t\t\t<section class=\"elementor-section elementor-top-section elementor-element elementor-element-7510ce62 elementor-section-height-min-height elementor-section-content-middle elementor-section-boxed elementor-section-height-default elementor-section-items-middle\" data-id=\"7510ce62\" data-element_type=\"section\" data-settings=\"{&quot;background_background&quot;:&quot;classic&quot;}\">\n\t\t\t\t\t\t\t<div class=\"elementor-background-overlay\"><\/div>\n\t\t\t\t\t\t\t<div class=\"elementor-container elementor-column-gap-no\">\n\t\t\t\t\t<div class=\"elementor-column elementor-col-100 elementor-top-column elementor-element elementor-element-48827511\" data-id=\"48827511\" data-element_type=\"column\">\n\t\t\t<div class=\"elementor-widget-wrap elementor-element-populated\">\n\t\t\t\t\t\t<div class=\"elementor-element elementor-element-438a7692 elementor-widget elementor-widget-heading\" data-id=\"438a7692\" data-element_type=\"widget\" data-widget_type=\"heading.default\">\n\t\t\t\t<div class=\"elementor-widget-container\">\n\t\t\t\t\t<h5 class=\"elementor-heading-title elementor-size-default\">Nuestro<\/h5>\t\t\t\t<\/div>\n\t\t\t\t<\/div>\n\t\t\t\t<div class=\"elementor-element elementor-element-78488503 elementor-widget-tablet__width-inherit elementor-widget elementor-widget-heading\" data-id=\"78488503\" data-element_type=\"widget\" data-widget_type=\"heading.default\">\n\t\t\t\t<div class=\"elementor-widget-container\">\n\t\t\t\t\t<h2 class=\"elementor-heading-title elementor-size-default\">Blog de Inter\u00e9s<\/h2>\t\t\t\t<\/div>\n\t\t\t\t<\/div>\n\t\t\t\t\t<\/div>\n\t\t<\/div>\n\t\t\t\t\t<\/div>\n\t\t<\/section>\n\t\t\t\t<section class=\"elementor-section elementor-top-section elementor-element elementor-element-e120bc1 elementor-section-boxed elementor-section-height-default elementor-section-height-default\" data-id=\"e120bc1\" data-element_type=\"section\">\n\t\t\t\t\t\t<div class=\"elementor-container elementor-column-gap-default\">\n\t\t\t\t\t<div class=\"elementor-column elementor-col-100 elementor-top-column elementor-element elementor-element-dd75e96\" data-id=\"dd75e96\" data-element_type=\"column\">\n\t\t\t<div class=\"elementor-widget-wrap elementor-element-populated\">\n\t\t\t\t\t\t<div class=\"elementor-element elementor-element-6ee6389 elementor-widget elementor-widget-text-editor\" data-id=\"6ee6389\" data-element_type=\"widget\" data-widget_type=\"text-editor.default\">\n\t\t\t\t<div class=\"elementor-widget-container\">\n\t\t\t\t\t\t\t\t\t<p style=\"font-family: 'Poppins', sans-serif; font-size: 23px; line-height: 1.6; color: #333;\">\n  <strong>Explora<\/strong> los distintos temas de <em>electricidad<\/em> aplicados al \n  <strong>\u00e1mbito empresarial<\/strong> y descubre <strong>recursos pr\u00e1cticos<\/strong> \n  que te ser\u00e1n de gran utilidad:\n<\/p>\n\t\t\t\t\t\t\t\t<\/div>\n\t\t\t\t<\/div>\n\t\t\t\t\t<\/div>\n\t\t<\/div>\n\t\t\t\t\t<\/div>\n\t\t<\/section>\n\t\t\t\t<section class=\"elementor-section elementor-top-section elementor-element elementor-element-51ad0c5 elementor-section-boxed elementor-section-height-default elementor-section-height-default\" data-id=\"51ad0c5\" data-element_type=\"section\">\n\t\t\t\t\t\t<div class=\"elementor-container elementor-column-gap-default\">\n\t\t\t\t\t<div class=\"elementor-column elementor-col-100 elementor-top-column elementor-element elementor-element-2086093\" data-id=\"2086093\" data-element_type=\"column\">\n\t\t\t<div class=\"elementor-widget-wrap elementor-element-populated\">\n\t\t\t\t\t\t<div class=\"elementor-element elementor-element-7f9675b elementor-grid-2 elementor-posts--align-left elementor-grid-tablet-2 elementor-grid-mobile-1 elementor-posts--thumbnail-top elementor-card-shadow-yes elementor-posts__hover-gradient elementor-widget elementor-widget-posts\" data-id=\"7f9675b\" data-element_type=\"widget\" data-settings=\"{&quot;cards_columns&quot;:&quot;2&quot;,&quot;cards_columns_tablet&quot;:&quot;2&quot;,&quot;cards_columns_mobile&quot;:&quot;1&quot;,&quot;cards_row_gap&quot;:{&quot;unit&quot;:&quot;px&quot;,&quot;size&quot;:35,&quot;sizes&quot;:[]},&quot;cards_row_gap_tablet&quot;:{&quot;unit&quot;:&quot;px&quot;,&quot;size&quot;:&quot;&quot;,&quot;sizes&quot;:[]},&quot;cards_row_gap_mobile&quot;:{&quot;unit&quot;:&quot;px&quot;,&quot;size&quot;:&quot;&quot;,&quot;sizes&quot;:[]}}\" data-widget_type=\"posts.cards\">\n\t\t\t\t<div class=\"elementor-widget-container\">\n\t\t\t\t\t\t\t<div class=\"elementor-posts-container elementor-posts elementor-posts--skin-cards elementor-grid\">\n\t\t\t\t<article class=\"elementor-post elementor-grid-item post-2486 post type-post status-publish format-standard has-post-thumbnail hentry category-sin-categoria\">\n\t\t\t<div class=\"elementor-post__card\">\n\t\t\t\t<a class=\"elementor-post__thumbnail__link\" href=\"https:\/\/www.electricosec.cl\/index.php\/2025\/10\/11\/ultimas-generaciones\/\" tabindex=\"-1\" ><div class=\"elementor-post__thumbnail\"><img fetchpriority=\"high\" decoding=\"async\" width=\"768\" height=\"544\" src=\"https:\/\/www.electricosec.cl\/wp-content\/uploads\/2025\/08\/telephone-612061_1920-768x544.jpg\" class=\"attachment-medium_large size-medium_large wp-image-2080\" alt=\"\" srcset=\"https:\/\/www.electricosec.cl\/wp-content\/uploads\/2025\/08\/telephone-612061_1920-768x544.jpg 768w, https:\/\/www.electricosec.cl\/wp-content\/uploads\/2025\/08\/telephone-612061_1920-300x213.jpg 300w, https:\/\/www.electricosec.cl\/wp-content\/uploads\/2025\/08\/telephone-612061_1920-1024x725.jpg 1024w, https:\/\/www.electricosec.cl\/wp-content\/uploads\/2025\/08\/telephone-612061_1920-1536x1088.jpg 1536w, https:\/\/www.electricosec.cl\/wp-content\/uploads\/2025\/08\/telephone-612061_1920.jpg 1920w\" sizes=\"(max-width: 768px) 100vw, 768px\" \/><\/div><\/a>\n\t\t\t\t<div class=\"elementor-post__text\">\n\t\t\t\t<h3 class=\"elementor-post__title\">\n\t\t\t<a href=\"https:\/\/www.electricosec.cl\/index.php\/2025\/10\/11\/ultimas-generaciones\/\" >\n\t\t\t\tUltimas generaciones\t\t\t<\/a>\n\t\t<\/h3>\n\t\t\t\t<div class=\"elementor-post__excerpt\">\n\t\t\t<p>Edici\u00f3n con WordPress<\/p>\n\t\t<\/div>\n\t\t\n\t\t<a class=\"elementor-post__read-more\" href=\"https:\/\/www.electricosec.cl\/index.php\/2025\/10\/11\/ultimas-generaciones\/\" aria-label=\"Read more about Ultimas generaciones\" tabindex=\"-1\" >\n\t\t\tLeer m\u00e1s\t\t<\/a>\n\n\t\t\t\t<\/div>\n\t\t\t\t<div class=\"elementor-post__meta-data\">\n\t\t\t\t\t<span class=\"elementor-post-date\">\n\t\t\tOctubre 11, 2025\t\t<\/span>\n\t\t\t\t<span class=\"elementor-post-avatar\">\n\t\t\t13 Comentarios\t\t<\/span>\n\t\t\t\t<\/div>\n\t\t\t\t\t<\/div>\n\t\t<\/article>\n\t\t\t\t<article class=\"elementor-post elementor-grid-item post-2476 post type-post status-publish format-standard has-post-thumbnail hentry category-sin-categoria\">\n\t\t\t<div class=\"elementor-post__card\">\n\t\t\t\t<a class=\"elementor-post__thumbnail__link\" href=\"https:\/\/www.electricosec.cl\/index.php\/2025\/10\/08\/senores\/\" tabindex=\"-1\" ><div class=\"elementor-post__thumbnail\"><img decoding=\"async\" width=\"768\" height=\"427\" src=\"https:\/\/www.electricosec.cl\/wp-content\/uploads\/2025\/09\/welcome8-2-768x427.jpg\" class=\"attachment-medium_large size-medium_large wp-image-2456\" alt=\"\" srcset=\"https:\/\/www.electricosec.cl\/wp-content\/uploads\/2025\/09\/welcome8-2-768x427.jpg 768w, https:\/\/www.electricosec.cl\/wp-content\/uploads\/2025\/09\/welcome8-2-300x167.jpg 300w, https:\/\/www.electricosec.cl\/wp-content\/uploads\/2025\/09\/welcome8-2.jpg 900w\" sizes=\"(max-width: 768px) 100vw, 768px\" \/><\/div><\/a>\n\t\t\t\t<div class=\"elementor-post__text\">\n\t\t\t\t<h3 class=\"elementor-post__title\">\n\t\t\t<a href=\"https:\/\/www.electricosec.cl\/index.php\/2025\/10\/08\/senores\/\" >\n\t\t\t\tSe\u00f1ores\t\t\t<\/a>\n\t\t<\/h3>\n\t\t\t\t<div class=\"elementor-post__excerpt\">\n\t\t\t<p>P\u00e1rrafo del Blog Subt\u00edtulo Tem\u00e1tica<\/p>\n\t\t<\/div>\n\t\t\n\t\t<a class=\"elementor-post__read-more\" href=\"https:\/\/www.electricosec.cl\/index.php\/2025\/10\/08\/senores\/\" aria-label=\"Read more about Se\u00f1ores\" tabindex=\"-1\" >\n\t\t\tLeer m\u00e1s\t\t<\/a>\n\n\t\t\t\t<\/div>\n\t\t\t\t<div class=\"elementor-post__meta-data\">\n\t\t\t\t\t<span class=\"elementor-post-date\">\n\t\t\tOctubre 8, 2025\t\t<\/span>\n\t\t\t\t<span class=\"elementor-post-avatar\">\n\t\t\tSin Comentarios\t\t<\/span>\n\t\t\t\t<\/div>\n\t\t\t\t\t<\/div>\n\t\t<\/article>\n\t\t\t\t<article class=\"elementor-post elementor-grid-item post-2428 post type-post status-publish format-standard has-post-thumbnail hentry category-sin-categoria\">\n\t\t\t<div class=\"elementor-post__card\">\n\t\t\t\t<a class=\"elementor-post__thumbnail__link\" href=\"https:\/\/www.electricosec.cl\/index.php\/2025\/09\/11\/la-sec-el-guardian-de-la-energia-segura-en-chile\/\" tabindex=\"-1\" ><div class=\"elementor-post__thumbnail\"><img decoding=\"async\" width=\"768\" height=\"511\" src=\"https:\/\/www.electricosec.cl\/wp-content\/uploads\/2023\/04\/Electricista-a-domicilio-santiago-768x511.jpg\" class=\"attachment-medium_large size-medium_large wp-image-15\" alt=\"\" srcset=\"https:\/\/www.electricosec.cl\/wp-content\/uploads\/2023\/04\/Electricista-a-domicilio-santiago-768x511.jpg 768w, https:\/\/www.electricosec.cl\/wp-content\/uploads\/2023\/04\/Electricista-a-domicilio-santiago-300x200.jpg 300w, https:\/\/www.electricosec.cl\/wp-content\/uploads\/2023\/04\/Electricista-a-domicilio-santiago-1024x681.jpg 1024w, https:\/\/www.electricosec.cl\/wp-content\/uploads\/2023\/04\/Electricista-a-domicilio-santiago.jpg 1200w\" sizes=\"(max-width: 768px) 100vw, 768px\" \/><\/div><\/a>\n\t\t\t\t<div class=\"elementor-post__text\">\n\t\t\t\t<h3 class=\"elementor-post__title\">\n\t\t\t<a href=\"https:\/\/www.electricosec.cl\/index.php\/2025\/09\/11\/la-sec-el-guardian-de-la-energia-segura-en-chile\/\" >\n\t\t\t\tLa SEC: El Guardi\u00e1n de la Energ\u00eda Segura en Chile\t\t\t<\/a>\n\t\t<\/h3>\n\t\t\t\t<div class=\"elementor-post__excerpt\">\n\t\t\t<p>La&nbsp;Superintendencia de Electricidad y Combustibles (SEC)&nbsp;representa uno de los pilares fundamentales del sistema energ\u00e9tico chileno, siendo el organismo fiscalizador encargado<\/p>\n\t\t<\/div>\n\t\t\n\t\t<a class=\"elementor-post__read-more\" href=\"https:\/\/www.electricosec.cl\/index.php\/2025\/09\/11\/la-sec-el-guardian-de-la-energia-segura-en-chile\/\" aria-label=\"Read more about La SEC: El Guardi\u00e1n de la Energ\u00eda Segura en Chile\" tabindex=\"-1\" >\n\t\t\tLeer m\u00e1s\t\t<\/a>\n\n\t\t\t\t<\/div>\n\t\t\t\t<div class=\"elementor-post__meta-data\">\n\t\t\t\t\t<span class=\"elementor-post-date\">\n\t\t\tSeptiembre 11, 2025\t\t<\/span>\n\t\t\t\t<span class=\"elementor-post-avatar\">\n\t\t\t3 Comentarios\t\t<\/span>\n\t\t\t\t<\/div>\n\t\t\t\t\t<\/div>\n\t\t<\/article>\n\t\t\t\t<\/div>\n\t\t\n\t\t\t\t\t\t<\/div>\n\t\t\t\t<\/div>\n\t\t\t\t\t<\/div>\n\t\t<\/div>\n\t\t\t\t\t<\/div>\n\t\t<\/section>\n\t\t\t\t<\/div>\n\t\t","protected":false},"excerpt":{"rendered":"<p>Nuestro Blog de Inter\u00e9s Explora los distintos temas de electricidad aplicados al \u00e1mbito empresarial y descubre recursos pr\u00e1cticos que te ser\u00e1n de gran utilidad:<\/p>\n","protected":false},"author":1,"featured_media":0,"parent":0,"menu_order":0,"comment_status":"closed","ping_status":"closed","template":"","meta":{"footnotes":""},"class_list":["post-2309","page","type-page","status-publish","hentry"],"aioseo_notices":[],"_links":{"self":[{"href":"https:\/\/www.electricosec.cl\/index.php\/wp-json\/wp\/v2\/pages\/2309","targetHints":{"allow":["GET"]}}],"collection":[{"href":"https:\/\/www.electricosec.cl\/index.php\/wp-json\/wp\/v2\/pages"}],"about":[{"href":"https:\/\/www.electricosec.cl\/index.php\/wp-json\/wp\/v2\/types\/page"}],"author":[{"embeddable":true,"href":"https:\/\/www.electricosec.cl\/index.php\/wp-json\/wp\/v2\/users\/1"}],"replies":[{"embeddable":true,"href":"https:\/\/www.electricosec.cl\/index.php\/wp-json\/wp\/v2\/comments?post=2309"}],"version-history":[{"count":44,"href":"https:\/\/www.electricosec.cl\/index.php\/wp-json\/wp\/v2\/pages\/2309\/revisions"}],"predecessor-version":[{"id":2478,"href":"https:\/\/www.electricosec.cl\/index.php\/wp-json\/wp\/v2\/pages\/2309\/revisions\/2478"}],"wp:attachment":[{"href":"https:\/\/www.electricosec.cl\/index.php\/wp-json\/wp\/v2\/media?parent=2309"}],"curies":[{"name":"wp","href":"https:\/\/api.w.org\/{rel}","templated":true}]}}